{"id":2,"date":"2025-08-14T05:15:04","date_gmt":"2025-08-14T05:15:04","guid":{"rendered":"https:\/\/bodegascoronel.cl\/xxvi\/?page_id=2"},"modified":"2025-08-23T10:37:29","modified_gmt":"2025-08-23T14:37:29","slug":"nosotros","status":"publish","type":"page","link":"https:\/\/bodegascoronel.cl\/xxvi\/","title":{"rendered":"Hola"},"content":{"rendered":"<p>\n  <img decoding=\"async\" \n      src=\"https:\/\/bodegascoronel.cl\/i\/cube.png\" \n      width=\"100\" \n      style=\"float: right; margin-left: 10px;\"\n  ><\/p>\n\n\n<p>Bodegas Coronel es una empresa de arriendo de bodegaje de alta capacidad, con espacios de distintas formas y tama\u00f1os. Su prop\u00f3sito se centra en brindar satisfacci\u00f3n a las diversas necesidades de almacenaje de empresas que exporten o importen grandes cantidades de productos tales como: maderas, celulosa, granos, alimentos, productos pesqueros, productos industriales, maquinarias, entre otras. Sus expeditos accesos desde la carretera Concepci\u00f3n-Coronel facilitan el tr\u00e1fico de camiones de alto tonelaje.<\/p>\n\n\n<blockquote>\n<p>Nuestro compromiso es brindar espacios confiables y seguros para que nuestros mandantes puedan enfocarse en lo importante, sabiendo que todo lo dem\u00e1s est\u00e1 en buenas manos. \ud83d\udcaa\ud83c\udffc<\/p>\n<\/blockquote>\n\n\n<p>Sus bodegas est\u00e1n construidas en firmes y modernas bases de estructuras met\u00e1licas, cuentan con pavimento industrial, afinado y pulido para una \u00f3ptima limpieza, adem\u00e1s de iluminaci\u00f3n sectorizada interior y exterior, lo cual propicia tanto un sistema de control que garantiza que sus mercader\u00edas est\u00e9n protegidas las 24 horas, as\u00ed como una inmejorable higienizaci\u00f3n y perdurabilidad del contenido.<\/p>\n\n\n<p><iframe loading=\"lazy\" title=\"YouTube video player\" src=\"https:\/\/www.youtube.com\/embed\/IkwCtYOq0jM?si=YjyBoyZoDQBuo8nL\" width=\"560\" height=\"315\" frameborder=\"0\" allowfullscreen=\"allowfullscreen\"><\/iframe><\/p>\n<hr align=\"left\" noshade=\"noshade\" size=\"1\" width=\"100%\" \/>\n<p><img decoding=\"async\" src=\"https:\/\/bodegascoronel.cl\/i\/contacto.png\" align=\"left\" hspace=\"0\" vspace=\"0\" \/><br \/><br \/>\n<div class=\"wpcf7 no-js\" id=\"wpcf7-f47-o1\" lang=\"es-CL\" dir=\"ltr\" data-wpcf7-id=\"47\">\n<div class=\"screen-reader-response\"><p role=\"status\" aria-live=\"polite\" aria-atomic=\"true\"><\/p> <ul><\/ul><\/div>\n<form action=\"\/xxvi\/wp-json\/wp\/v2\/pages\/2#wpcf7-f47-o1\" method=\"post\" class=\"wpcf7-form init\" aria-label=\"Formulario de contacto\" novalidate=\"novalidate\" data-status=\"init\">\n<fieldset class=\"hidden-fields-container\"><input type=\"hidden\" name=\"_wpcf7\" value=\"47\" \/><input type=\"hidden\" name=\"_wpcf7_version\" value=\"6.1.1\" \/><input type=\"hidden\" name=\"_wpcf7_locale\" value=\"es_CL\" \/><input type=\"hidden\" name=\"_wpcf7_unit_tag\" value=\"wpcf7-f47-o1\" \/><input type=\"hidden\" name=\"_wpcf7_container_post\" value=\"0\" \/><input type=\"hidden\" name=\"_wpcf7_posted_data_hash\" value=\"\" \/>\n<\/fieldset>\n<p><label> Tu nombre<br \/>\n<span class=\"wpcf7-form-control-wrap\" data-name=\"your-name\"><input size=\"40\" maxlength=\"400\" class=\"wpcf7-form-control wpcf7-text wpcf7-validates-as-required\" autocomplete=\"name\" aria-required=\"true\" aria-invalid=\"false\" value=\"\" type=\"text\" name=\"your-name\" \/><\/span> <\/label>\n<\/p>\n<p><label> Tu correo electr\u00f3nico<br \/>\n<span class=\"wpcf7-form-control-wrap\" data-name=\"your-email\"><input size=\"40\" maxlength=\"400\" class=\"wpcf7-form-control wpcf7-email wpcf7-validates-as-required wpcf7-text wpcf7-validates-as-email\" autocomplete=\"email\" aria-required=\"true\" aria-invalid=\"false\" value=\"\" type=\"email\" name=\"your-email\" \/><\/span> <\/label>\n<\/p>\n<p><label> Asunto<br \/>\n<span class=\"wpcf7-form-control-wrap\" data-name=\"your-subject\"><input size=\"40\" maxlength=\"400\" class=\"wpcf7-form-control wpcf7-text wpcf7-validates-as-required\" aria-required=\"true\" aria-invalid=\"false\" value=\"\" type=\"text\" name=\"your-subject\" \/><\/span> <\/label>\n<\/p>\n<p><label> Tu mensaje (opcional)<br \/>\n<span class=\"wpcf7-form-control-wrap\" data-name=\"your-message\"><textarea cols=\"40\" rows=\"10\" maxlength=\"2000\" class=\"wpcf7-form-control wpcf7-textarea\" aria-invalid=\"false\" name=\"your-message\"><\/textarea><\/span> <\/label>\n<\/p>\n<p><input class=\"wpcf7-form-control wpcf7-submit has-spinner\" type=\"submit\" value=\"Enviar\" \/>\n<\/p><div class=\"wpcf7-response-output\" aria-hidden=\"true\"><\/div>\n<\/form>\n<\/div>\n<\/p>","protected":false},"excerpt":{"rendered":"<p>Bodegas Coronel es una empresa de arriendo de bodegaje de alta capacidad, con espacios de distintas formas y tama\u00f1os. Su prop\u00f3sito se centra en brindar satisfacci\u00f3n a las diversas necesidades de almacenaje de empresas que exporten o importen grandes cantidades &hellip; <\/p>\n","protected":false},"author":1,"featured_media":0,"parent":0,"menu_order":0,"comment_status":"closed","ping_status":"closed","template":"","meta":{"pagelayer_contact_templates":[],"_pagelayer_content":"","footnotes":""},"class_list":["post-2","page","type-page","status-publish","hentry"],"_links":{"self":[{"href":"https:\/\/bodegascoronel.cl\/xxvi\/wp-json\/wp\/v2\/pages\/2","targetHints":{"allow":["GET"]}}],"collection":[{"href":"https:\/\/bodegascoronel.cl\/xxvi\/wp-json\/wp\/v2\/pages"}],"about":[{"href":"https:\/\/bodegascoronel.cl\/xxvi\/wp-json\/wp\/v2\/types\/page"}],"author":[{"embeddable":true,"href":"https:\/\/bodegascoronel.cl\/xxvi\/wp-json\/wp\/v2\/users\/1"}],"replies":[{"embeddable":true,"href":"https:\/\/bodegascoronel.cl\/xxvi\/wp-json\/wp\/v2\/comments?post=2"}],"version-history":[{"count":30,"href":"https:\/\/bodegascoronel.cl\/xxvi\/wp-json\/wp\/v2\/pages\/2\/revisions"}],"predecessor-version":[{"id":137,"href":"https:\/\/bodegascoronel.cl\/xxvi\/wp-json\/wp\/v2\/pages\/2\/revisions\/137"}],"wp:attachment":[{"href":"https:\/\/bodegascoronel.cl\/xxvi\/wp-json\/wp\/v2\/media?parent=2"}],"curies":[{"name":"wp","href":"https:\/\/api.w.org\/{rel}","templated":true}]}}